{"id":24,"date":"2024-09-30T18:44:29","date_gmt":"2024-09-30T18:44:29","guid":{"rendered":"https:\/\/cegalac.com\/?page_id=24"},"modified":"2024-10-02T18:18:46","modified_gmt":"2024-10-02T18:18:46","slug":"p-construccion","status":"publish","type":"page","link":"https:\/\/cegalac.com\/","title":{"rendered":"p\u00e1gina en construcci\u00f3n"},"content":{"rendered":"<div id=\"sp-page\" class=\"spBgcoverscroll sp-content-4\" style=\"background-color: rgb(255, 255, 255); background-image: linear-gradient(0deg, rgba(0, 0, 0, 0.05), rgba(0, 0, 0, 0.05)), url('https:\/\/cegalac.com\/wp-content\/uploads\/2024\/10\/Background-2.png') !important; font-family: 'Open Sans', sans-serif; font-weight: 400;\">\n<section id=\"sp-ks8a8s\" data-mobile-visibility=\"#sp-ks8a8s|false\" data-tablet-visibility=\"#sp-ks8a8s|false\" data-desktop-visibility=\"#sp-ks8a8s|false\" data-mobile-css=\"\" data-tablet-css=\"\" class=\"sp-el-section \" style=\"width: 490px; max-width: 100%; padding: 0px;\">\n<div id=\"sp-vw3kvy\" data-mobile-visibility=\"#sp-vw3kvy|false\" data-tablet-visibility=\"#sp-vw3kvy|false\" data-desktop-visibility=\"#sp-vw3kvy|false\" data-mobile-css=\"\" data-tablet-css=\"\" class=\"sp-el-row sp-w-full  sp-m-auto sm:sp-flex sp-justify-between\" style=\"padding: 0px; width: auto; max-width: 1000px;\">\n<div id=\"sp-ovbx1s\" data-mobile-visibility=\"#sp-ovbx1s|false\" data-tablet-visibility=\"#sp-ovbx1s|false\" data-desktop-visibility=\"#sp-ovbx1s|false\" data-mobile-css=\"\" data-tablet-css=\"\" class=\"sp-el-col  sp-w-full\" style=\"width: calc(100% + 0px);\">\n<figure id=\"sp-xp7nhn\" data-mobile-css=\"#sp-xp7nhn|text-align:center;\" data-tablet-css=\"#sp-xp7nhn|text-align:center;\" class=\"sp-image-wrapper sp-el-block\" style=\"margin: 0px; text-align: center;\">\n<div><span><img loading=\"lazy\" decoding=\"async\" src=\"https:\/\/cegalac.com\/wp-content\/uploads\/2024\/10\/Untitled-1-2.png\" alt=\"\" width=\"796\" height=\"606\" data-dynamic-tag=\"\" data-image-src=\"wpmedia\" data-mobile-visibility=\".sp-image-block-xp7nhn|false\" data-tablet-visibility=\".sp-image-block-xp7nhn|false\" data-desktop-visibility=\".sp-image-block-xp7nhn|false\" srcset=\" https:\/\/cegalac.com\/wp-content\/uploads\/2024\/10\/Untitled-1-2-150x150.png 150w, https:\/\/cegalac.com\/wp-content\/uploads\/2024\/10\/Untitled-1-2-300x228.png 300w, https:\/\/cegalac.com\/wp-content\/uploads\/2024\/10\/Untitled-1-2.png 796w\" class=\"sp-image-block-xp7nhn custom-preview-class\" style=\"width: 796%;\"><\/span><\/div>\n<div id=\"sp-image-dynamic-tags-js-xp7nhn\"><script>jQuery(function() { image_dynamic_tags('xp7nhn' );});<\/script><\/div>\n<\/figure>\n<div id=\"sp-d4et4f\" data-mobile-css=\"#sp-d4et4f|height:40px;\" data-tablet-css=\"#sp-d4et4f|height:10px;\" class=\"sp-spacer\" style=\"height: 60px;\"><\/div>\n<p><span href=\"\" target=\"\" rel=\"\" class=\"sp-header-block-link\" style=\"text-decoration: none;\"><\/p>\n<h1 id=\"sp-y0sc75\" data-mobile-css=\".sp-headline-block-y0sc75, #sp-y0sc75, #y0sc75|text-align:center;\" data-tablet-css=\".sp-headline-block-y0sc75, #sp-y0sc75, #y0sc75|text-align:center;\" data-mobile-visibility=\".sp-headline-block-y0sc75|false\" data-tablet-visibility=\".sp-headline-block-y0sc75|false\" data-desktop-visibility=\".sp-headline-block-y0sc75|false\" class=\"sp-css-target sp-el-block sp-headline-block-y0sc75 sp-type-header\" style=\"font-size: 54px; text-align: center; margin: 0px;\"><\/h1>\n<p><\/span><\/p>\n<div id=\"sp-p7ef8k\" data-mobile-css=\".sp-text-wrapper-p7ef8k, #sp-p7ef8k, #p7ef8k|text-align:center;\" data-tablet-css=\".sp-text-wrapper-p7ef8k, #sp-p7ef8k, #p7ef8k|text-align:left;\" data-mobile-visibility=\".sp-text-wrapper-p7ef8k|false\" data-tablet-visibility=\".sp-text-wrapper-p7ef8k|false\" data-desktop-visibility=\".sp-text-wrapper-p7ef8k|false\" class=\"sp-css-target sp-text-wrapper sp-el-block sp-text-wrapper-p7ef8k\" style=\"font-size: 20px; font-weight: 400; font-style: normal; font-family: 'Helvetica Neue', Arial, sans-serif; margin: 0px; text-align: center;\">\n<p><span>SITIO EN CONSTRUCCI\u00d3N<\/span><\/p>\n<\/div>\n<\/div>\n<\/div>\n<\/section>\n<\/div>\n","protected":false},"excerpt":{"rendered":"<p>SITIO EN CONSTRUCCI\u00d3N<\/p>\n","protected":false},"author":1,"featured_media":0,"parent":0,"menu_order":0,"comment_status":"closed","ping_status":"closed","template":"","meta":{"om_disable_all_campaigns":false,"_monsterinsights_skip_tracking":false,"_monsterinsights_sitenote_active":false,"_monsterinsights_sitenote_note":"","_monsterinsights_sitenote_category":0,"footnotes":""},"class_list":["post-24","page","type-page","status-publish","hentry"],"yoast_head":"<!-- This site is optimized with the Yoast SEO plugin v23.5 - https:\/\/yoast.com\/wordpress\/plugins\/seo\/ -->\n<title>p\u00e1gina en construcci\u00f3n - CEGALAC<\/title>\n<meta name=\"robots\" content=\"index, follow, max-snippet:-1, max-image-preview:large, max-video-preview:-1\" \/>\n<link rel=\"canonical\" href=\"https:\/\/cegalac.com\/\" \/>\n<meta property=\"og:locale\" content=\"en_US\" \/>\n<meta property=\"og:type\" content=\"article\" \/>\n<meta property=\"og:title\" content=\"p\u00e1gina en construcci\u00f3n - CEGALAC\" \/>\n<meta property=\"og:description\" content=\"SITIO EN CONSTRUCCI\u00d3N\" \/>\n<meta property=\"og:url\" content=\"https:\/\/cegalac.com\/\" \/>\n<meta property=\"og:site_name\" content=\"CEGALAC\" \/>\n<meta property=\"article:modified_time\" content=\"2024-10-02T18:18:46+00:00\" \/>\n<meta name=\"twitter:card\" content=\"summary_large_image\" \/>\n<script type=\"application\/ld+json\" class=\"yoast-schema-graph\">{\"@context\":\"https:\/\/schema.org\",\"@graph\":[{\"@type\":\"WebPage\",\"@id\":\"https:\/\/cegalac.com\/\",\"url\":\"https:\/\/cegalac.com\/\",\"name\":\"p\u00e1gina en construcci\u00f3n - CEGALAC\",\"isPartOf\":{\"@id\":\"https:\/\/cegalac.com\/#website\"},\"primaryImageOfPage\":{\"@id\":\"https:\/\/cegalac.com\/#primaryimage\"},\"image\":{\"@id\":\"https:\/\/cegalac.com\/#primaryimage\"},\"thumbnailUrl\":\"https:\/\/cegalac.com\/wp-content\/uploads\/2024\/10\/Untitled-1-2.png\",\"datePublished\":\"2024-09-30T18:44:29+00:00\",\"dateModified\":\"2024-10-02T18:18:46+00:00\",\"breadcrumb\":{\"@id\":\"https:\/\/cegalac.com\/#breadcrumb\"},\"inLanguage\":\"en-US\",\"potentialAction\":[{\"@type\":\"ReadAction\",\"target\":[\"https:\/\/cegalac.com\/\"]}]},{\"@type\":\"ImageObject\",\"inLanguage\":\"en-US\",\"@id\":\"https:\/\/cegalac.com\/#primaryimage\",\"url\":\"https:\/\/cegalac.com\/wp-content\/uploads\/2024\/10\/Untitled-1-2.png\",\"contentUrl\":\"https:\/\/cegalac.com\/wp-content\/uploads\/2024\/10\/Untitled-1-2.png\",\"width\":796,\"height\":606},{\"@type\":\"BreadcrumbList\",\"@id\":\"https:\/\/cegalac.com\/#breadcrumb\",\"itemListElement\":[{\"@type\":\"ListItem\",\"position\":1,\"name\":\"Home\",\"item\":\"https:\/\/cegalac.com\/\"},{\"@type\":\"ListItem\",\"position\":2,\"name\":\"New Page (ID #24)\"}]},{\"@type\":\"WebSite\",\"@id\":\"https:\/\/cegalac.com\/#website\",\"url\":\"https:\/\/cegalac.com\/\",\"name\":\"cegala\",\"description\":\"\",\"potentialAction\":[{\"@type\":\"SearchAction\",\"target\":{\"@type\":\"EntryPoint\",\"urlTemplate\":\"https:\/\/cegalac.com\/?s={search_term_string}\"},\"query-input\":{\"@type\":\"PropertyValueSpecification\",\"valueRequired\":true,\"valueName\":\"search_term_string\"}}],\"inLanguage\":\"en-US\"}]}<\/script>\n<!-- \/ Yoast SEO plugin. -->","yoast_head_json":{"title":"p\u00e1gina en construcci\u00f3n - CEGALAC","robots":{"index":"index","follow":"follow","max-snippet":"max-snippet:-1","max-image-preview":"max-image-preview:large","max-video-preview":"max-video-preview:-1"},"canonical":"https:\/\/cegalac.com\/","og_locale":"en_US","og_type":"article","og_title":"p\u00e1gina en construcci\u00f3n - CEGALAC","og_description":"SITIO EN CONSTRUCCI\u00d3N","og_url":"https:\/\/cegalac.com\/","og_site_name":"CEGALAC","article_modified_time":"2024-10-02T18:18:46+00:00","twitter_card":"summary_large_image","schema":{"@context":"https:\/\/schema.org","@graph":[{"@type":"WebPage","@id":"https:\/\/cegalac.com\/","url":"https:\/\/cegalac.com\/","name":"p\u00e1gina en construcci\u00f3n - CEGALAC","isPartOf":{"@id":"https:\/\/cegalac.com\/#website"},"primaryImageOfPage":{"@id":"https:\/\/cegalac.com\/#primaryimage"},"image":{"@id":"https:\/\/cegalac.com\/#primaryimage"},"thumbnailUrl":"https:\/\/cegalac.com\/wp-content\/uploads\/2024\/10\/Untitled-1-2.png","datePublished":"2024-09-30T18:44:29+00:00","dateModified":"2024-10-02T18:18:46+00:00","breadcrumb":{"@id":"https:\/\/cegalac.com\/#breadcrumb"},"inLanguage":"en-US","potentialAction":[{"@type":"ReadAction","target":["https:\/\/cegalac.com\/"]}]},{"@type":"ImageObject","inLanguage":"en-US","@id":"https:\/\/cegalac.com\/#primaryimage","url":"https:\/\/cegalac.com\/wp-content\/uploads\/2024\/10\/Untitled-1-2.png","contentUrl":"https:\/\/cegalac.com\/wp-content\/uploads\/2024\/10\/Untitled-1-2.png","width":796,"height":606},{"@type":"BreadcrumbList","@id":"https:\/\/cegalac.com\/#breadcrumb","itemListElement":[{"@type":"ListItem","position":1,"name":"Home","item":"https:\/\/cegalac.com\/"},{"@type":"ListItem","position":2,"name":"New Page (ID #24)"}]},{"@type":"WebSite","@id":"https:\/\/cegalac.com\/#website","url":"https:\/\/cegalac.com\/","name":"cegala","description":"","potentialAction":[{"@type":"SearchAction","target":{"@type":"EntryPoint","urlTemplate":"https:\/\/cegalac.com\/?s={search_term_string}"},"query-input":{"@type":"PropertyValueSpecification","valueRequired":true,"valueName":"search_term_string"}}],"inLanguage":"en-US"}]}},"_links":{"self":[{"href":"https:\/\/cegalac.com\/index.php\/wp-json\/wp\/v2\/pages\/24","targetHints":{"allow":["GET"]}}],"collection":[{"href":"https:\/\/cegalac.com\/index.php\/wp-json\/wp\/v2\/pages"}],"about":[{"href":"https:\/\/cegalac.com\/index.php\/wp-json\/wp\/v2\/types\/page"}],"author":[{"embeddable":true,"href":"https:\/\/cegalac.com\/index.php\/wp-json\/wp\/v2\/users\/1"}],"replies":[{"embeddable":true,"href":"https:\/\/cegalac.com\/index.php\/wp-json\/wp\/v2\/comments?post=24"}],"version-history":[{"count":29,"href":"https:\/\/cegalac.com\/index.php\/wp-json\/wp\/v2\/pages\/24\/revisions"}],"predecessor-version":[{"id":62,"href":"https:\/\/cegalac.com\/index.php\/wp-json\/wp\/v2\/pages\/24\/revisions\/62"}],"wp:attachment":[{"href":"https:\/\/cegalac.com\/index.php\/wp-json\/wp\/v2\/media?parent=24"}],"curies":[{"name":"wp","href":"https:\/\/api.w.org\/{rel}","templated":true}]}}